{"id":53,"date":"2022-05-09T18:08:51","date_gmt":"2022-05-09T18:08:51","guid":{"rendered":"https:\/\/moaryasociados.com.ar\/?page_id=53"},"modified":"2025-09-25T13:32:33","modified_gmt":"2025-09-25T13:32:33","slug":"socios","status":"publish","type":"page","link":"https:\/\/moaryasociados.com.ar\/?page_id=53","title":{"rendered":"Historia"},"content":{"rendered":"<p><span style=\"color: #003366; font-family: times new roman, times;\"><span style=\"font-size: 16px;\">Nuestro E<\/span><\/span><span style=\"font-size: 0.9375rem; color: #003366;\">studio fue fundado en 1998, tras la independizaci\u00f3n del Contador Andr\u00e9s Moar de la organizaci\u00f3n en la que hab\u00eda sido miembro y socio, el estudio Arnaiz Ruiz Carretto. Con la llegada de compa\u00f1\u00edas extranjeras al mercado local, identific\u00f3 un segmento desatendido: el asesoramiento especializado, principalmente en materia fiscal, para entidades aseguradoras.<\/span><\/p>\n<p class=\"\" data-start=\"613\" data-end=\"1020\"><span style=\"color: #003366;\">En el a\u00f1o 2000, con el objetivo de ampliar los servicios ofrecidos, se incorpor\u00f3 como socia la Actuaria y Contadora Maria Gabriela Zubiri, quien asumi\u00f3 la atenci\u00f3n de consultas en el \u00e1mbito t\u00e9cnico-actuarial. Tres a\u00f1os m\u00e1s tarde, en 2003, se sum\u00f3 un nuevo socio, el Actuario Ezequiel Zubiri. Como resultado del crecimiento institucional y la incorporaci\u00f3n de nuevos empleados, el Estudio decidi\u00f3 trasladar sus oficinas.<\/span><\/p>\n<p class=\"\" data-start=\"1022\" data-end=\"1172\"><span style=\"color: #003366;\">Desde entonces, la expansi\u00f3n ha continuado, consolidando una amplia cartera de clientes y ampliando el equipo de personal especializado en la materia.<\/span><\/p>\n\n\n<div style=\"height:206px\" aria-hidden=\"true\" class=\"wp-block-spacer\"><\/div>\n","protected":false},"excerpt":{"rendered":"<p>Nuestro Estudio fue fundado en 1998, tras la independizaci\u00f3n del Contador Andr\u00e9s Moar de la organizaci\u00f3n en la que hab\u00eda sido miembro y socio, el estudio Arnaiz Ruiz Carretto. Con la llegada de compa\u00f1\u00edas extranjeras al mercado local, identific\u00f3 un segmento desatendido: el asesoramiento especializado, principalmente en materia fiscal, para&#8230;<\/p>\n","protected":false},"author":1,"featured_media":0,"parent":0,"menu_order":1,"comment_status":"closed","ping_status":"closed","template":"templates\/full-width-page.php","meta":{"footnotes":""},"class_list":["post-53","page","type-page","status-publish","hentry"],"_links":{"self":[{"href":"https:\/\/moaryasociados.com.ar\/index.php?rest_route=\/wp\/v2\/pages\/53","targetHints":{"allow":["GET"]}}],"collection":[{"href":"https:\/\/moaryasociados.com.ar\/index.php?rest_route=\/wp\/v2\/pages"}],"about":[{"href":"https:\/\/moaryasociados.com.ar\/index.php?rest_route=\/wp\/v2\/types\/page"}],"author":[{"embeddable":true,"href":"https:\/\/moaryasociados.com.ar\/index.php?rest_route=\/wp\/v2\/users\/1"}],"replies":[{"embeddable":true,"href":"https:\/\/moaryasociados.com.ar\/index.php?rest_route=%2Fwp%2Fv2%2Fcomments&post=53"}],"version-history":[{"count":19,"href":"https:\/\/moaryasociados.com.ar\/index.php?rest_route=\/wp\/v2\/pages\/53\/revisions"}],"predecessor-version":[{"id":484,"href":"https:\/\/moaryasociados.com.ar\/index.php?rest_route=\/wp\/v2\/pages\/53\/revisions\/484"}],"wp:attachment":[{"href":"https:\/\/moaryasociados.com.ar\/index.php?rest_route=%2Fwp%2Fv2%2Fmedia&parent=53"}],"curies":[{"name":"wp","href":"https:\/\/api.w.org\/{rel}","templated":true}]}}