{"id":192,"date":"2022-05-26T18:06:35","date_gmt":"2022-05-26T18:06:35","guid":{"rendered":"https:\/\/moaryasociados.com.ar\/?page_id=192"},"modified":"2022-05-26T18:10:42","modified_gmt":"2022-05-26T18:10:42","slug":"fiscales","status":"publish","type":"page","link":"https:\/\/moaryasociados.com.ar\/?page_id=192","title":{"rendered":"Fiscales"},"content":{"rendered":"<p style=\"text-align: justify;\"><span style=\"font-family: 'times new roman', times; color: #003366;\">La prestaci\u00f3n de nuestros servicios profesionales en materia fiscal incluye los siguientes aspectos:<\/span><\/p>\n<p style=\"text-align: justify;\"><span style=\"font-family: 'times new roman', times; color: #003366;\"><strong>a. Consultor\u00eda general<\/strong><\/span><\/p>\n<ul style=\"text-align: justify;\">\n<li style=\"text-align: justify;\"><span style=\"font-family: 'times new roman', times; color: #003366;\">Env\u00edo de circulares informativas comentando las novedades en materia impositiva que puedan afectar a la actividad aseguradora tanto a nivel nacional como provincial y eventualmente municipal, as\u00ed como el env\u00edo de recopilaciones actualizadas peri\u00f3dicas para la liquidaci\u00f3n de algunos grav\u00e1menes (Impuesto de Sellos, Agentes de Percepci\u00f3n, Agentes de Retenci\u00f3n, etc.).<\/span><\/li>\n<li style=\"text-align: justify;\"><span style=\"font-family: 'times new roman', times; color: #003366;\">Evaluaci\u00f3n activa de las normas que se aplican en la actividad aseguradora y su repercusi\u00f3n en la plaza as\u00ed como tambi\u00e9n la participaci\u00f3n en la resoluci\u00f3n de situaciones propias de la empresa o bien originadas por terceros.<\/span><\/li>\n<li style=\"text-align: justify;\"><span style=\"font-family: 'times new roman', times; color: #003366;\">Apoyo en las liquidaciones de tributos que deben abonarse mensualmente con el objeto de asegurar el debido encuadramiento de los hechos imponibles.<\/span><\/li>\n<li style=\"text-align: justify;\"><span style=\"font-family: 'times new roman', times; color: #003366;\">Respuesta a las consultas efectuadas por el responsable del sector que puedan originarse en el desarrollo de actividades con motivo de la aplicaci\u00f3n de normas o bien de situaciones planteadas.<\/span><\/li>\n<li style=\"text-align: justify;\"><span style=\"font-family: 'times new roman', times; color: #003366;\">Asesoramiento en las inspecciones que puedan originarse en organismos recaudadores de tributos nacionales, provinciales y municipales incluyendo el trato directo con los inspectores o funcionarios del organismo respectivo, cuando la situaci\u00f3n pueda<\/span><br \/>\n<span style=\"font-family: 'times new roman', times; color: #003366;\">requerirlo.<\/span><\/li>\n<li style=\"text-align: justify;\"><span style=\"font-family: 'times new roman', times; color: #003366;\">Apoyo en la contrataci\u00f3n de negocios en los cuales existan aspectos tributarios que puedan requerir el asesoramiento espec\u00edfico.<\/span><\/li>\n<li style=\"text-align: justify;\"><span style=\"font-family: 'times new roman', times; color: #003366;\">Los impuestos comprendidos dentro del asesoramiento son los nacionales (incluy\u00e9ndose interpretaci\u00f3n de tratados de doble imposici\u00f3n internacional), provinciales y municipales.<\/span><\/li>\n<\/ul>\n<p style=\"text-align: justify;\"><span style=\"font-family: 'times new roman', times; color: #003366;\"><strong>b. C\u00e1lculo de provisiones:<\/strong> Trimestralmente y de ser requerido por la empresa, se efectuar\u00eda la revisi\u00f3n del c\u00e1lculo de la provisi\u00f3n de Impuesto a las Ganancias y Ganancia M\u00ednima Presunta a efectos de ser incorporada en el Balance Trimestral Anual, seg\u00fan corresponda.<\/span><\/p>\n<p style=\"text-align: justify;\"><span style=\"font-family: 'times new roman', times; color: #003366;\"><strong>c.<\/strong> Certificaci\u00f3n de la declaraci\u00f3n jurada anual de Convenio Multilateral (F. CM 05) y del Informe para Fines Fiscales-AFIP.<\/span><\/p>\n<p style=\"text-align: justify;\"><span style=\"font-family: 'times new roman', times; color: #003366;\"><strong>d.<\/strong> Verificaci\u00f3n de la determinaci\u00f3n de coeficientes de gravabilidad en el Impuesto sobre los Ingresos Brutos.<\/span><\/p>\n<p style=\"text-align: justify;\"><span style=\"font-family: 'times new roman', times; color: #003366;\"><strong>e.<\/strong> Verificaci\u00f3n de la declaraci\u00f3n jurada del Impuesto sobre los Ingresos Brutos de Capital Federal.<\/span><\/p>\n<p style=\"text-align: justify;\"><span style=\"font-family: 'times new roman', times; color: #003366;\"><strong>f.<\/strong> Revisi\u00f3n anual de los criterios aplicados en la determinaci\u00f3n del monto imponible en los tributos de pago mensual (IVA, Impuesto sobre los Ingresos Brutos e Impuesto de Sellos, este \u00faltimo de corresponder).<\/span><\/p>\n<p style=\"text-align: justify;\"><span style=\"font-family: 'times new roman', times; color: #003366;\"><strong>g.<\/strong> Revisi\u00f3n de las declaraciones juradas anuales del Impuesto a las Ganancias e Impuesto a la Ganancia M\u00ednima Presunta, brindando el apoyo profesional que sea necesario para que la Entidad pueda confeccionar su declaraci\u00f3n jurada.<\/span><\/p>\n","protected":false},"excerpt":{"rendered":"<p>La prestaci\u00f3n de nuestros servicios profesionales en materia fiscal incluye los siguientes aspectos: a. Consultor\u00eda general Env\u00edo de circulares informativas comentando las novedades en materia impositiva que puedan afectar a la actividad aseguradora tanto a nivel nacional como provincial y eventualmente municipal, as\u00ed como el env\u00edo de recopilaciones actualizadas peri\u00f3dicas&#8230;<\/p>\n","protected":false},"author":1,"featured_media":0,"parent":55,"menu_order":0,"comment_status":"closed","ping_status":"closed","template":"","meta":{"footnotes":""},"class_list":["post-192","page","type-page","status-publish","hentry"],"_links":{"self":[{"href":"https:\/\/moaryasociados.com.ar\/index.php?rest_route=\/wp\/v2\/pages\/192","targetHints":{"allow":["GET"]}}],"collection":[{"href":"https:\/\/moaryasociados.com.ar\/index.php?rest_route=\/wp\/v2\/pages"}],"about":[{"href":"https:\/\/moaryasociados.com.ar\/index.php?rest_route=\/wp\/v2\/types\/page"}],"author":[{"embeddable":true,"href":"https:\/\/moaryasociados.com.ar\/index.php?rest_route=\/wp\/v2\/users\/1"}],"replies":[{"embeddable":true,"href":"https:\/\/moaryasociados.com.ar\/index.php?rest_route=%2Fwp%2Fv2%2Fcomments&post=192"}],"version-history":[{"count":3,"href":"https:\/\/moaryasociados.com.ar\/index.php?rest_route=\/wp\/v2\/pages\/192\/revisions"}],"predecessor-version":[{"id":451,"href":"https:\/\/moaryasociados.com.ar\/index.php?rest_route=\/wp\/v2\/pages\/192\/revisions\/451"}],"up":[{"embeddable":true,"href":"https:\/\/moaryasociados.com.ar\/index.php?rest_route=\/wp\/v2\/pages\/55"}],"wp:attachment":[{"href":"https:\/\/moaryasociados.com.ar\/index.php?rest_route=%2Fwp%2Fv2%2Fmedia&parent=192"}],"curies":[{"name":"wp","href":"https:\/\/api.w.org\/{rel}","templated":true}]}}