{"id":189,"date":"2022-05-26T18:01:41","date_gmt":"2022-05-26T18:01:41","guid":{"rendered":"https:\/\/moaryasociados.com.ar\/?page_id=189"},"modified":"2025-09-25T13:24:13","modified_gmt":"2025-09-25T13:24:13","slug":"inicio-2","status":"publish","type":"page","link":"https:\/\/moaryasociados.com.ar\/","title":{"rendered":"Nosotros"},"content":{"rendered":"<div class=\"entry-content\">\n<p style=\"text-align: justify;\"><span style=\"font-family: 'times new roman', times; color: #003366; font-size: 12pt;\">Somos un estudio dedicado al asesoramiento y asistencia de Entidades Aseguradoras. <\/span><span style=\"font-family: 'times new roman', times; color: #003366; font-size: 12pt;\">Con m\u00e1s de 25 a\u00f1os de experiencia en el Mercado Asegurador y apoyado en un s\u00f3lido equipo de profesionales, brindamos un servicio de asesoramiento de excelencia en las \u00e1reas de consultor\u00eda fiscal, t\u00e9cnica y actuarial y aportamos soluciones eficaces a las diversas situaciones conflictivas que se presentan con los Organismos de contralor a ra\u00edz de la operatoria de las Entidades.<\/span><\/p>\n<\/div>\n\n\n<div style=\"height:300px\" aria-hidden=\"true\" class=\"wp-block-spacer\"><\/div>\n\n\n\n<div style=\"height:72px\" aria-hidden=\"true\" class=\"wp-block-spacer\"><\/div>\n","protected":false},"excerpt":{"rendered":"<p>Somos un estudio dedicado al asesoramiento y asistencia de Entidades Aseguradoras. Con m\u00e1s de 25 a\u00f1os de experiencia en el Mercado Asegurador y apoyado en un s\u00f3lido equipo de profesionales, brindamos un servicio de asesoramiento de excelencia en las \u00e1reas de consultor\u00eda fiscal, t\u00e9cnica y actuarial y aportamos soluciones eficaces&#8230;<\/p>\n","protected":false},"author":1,"featured_media":0,"parent":0,"menu_order":0,"comment_status":"closed","ping_status":"closed","template":"","meta":{"footnotes":""},"class_list":["post-189","page","type-page","status-publish","hentry"],"_links":{"self":[{"href":"https:\/\/moaryasociados.com.ar\/index.php?rest_route=\/wp\/v2\/pages\/189","targetHints":{"allow":["GET"]}}],"collection":[{"href":"https:\/\/moaryasociados.com.ar\/index.php?rest_route=\/wp\/v2\/pages"}],"about":[{"href":"https:\/\/moaryasociados.com.ar\/index.php?rest_route=\/wp\/v2\/types\/page"}],"author":[{"embeddable":true,"href":"https:\/\/moaryasociados.com.ar\/index.php?rest_route=\/wp\/v2\/users\/1"}],"replies":[{"embeddable":true,"href":"https:\/\/moaryasociados.com.ar\/index.php?rest_route=%2Fwp%2Fv2%2Fcomments&post=189"}],"version-history":[{"count":19,"href":"https:\/\/moaryasociados.com.ar\/index.php?rest_route=\/wp\/v2\/pages\/189\/revisions"}],"predecessor-version":[{"id":481,"href":"https:\/\/moaryasociados.com.ar\/index.php?rest_route=\/wp\/v2\/pages\/189\/revisions\/481"}],"wp:attachment":[{"href":"https:\/\/moaryasociados.com.ar\/index.php?rest_route=%2Fwp%2Fv2%2Fmedia&parent=189"}],"curies":[{"name":"wp","href":"https:\/\/api.w.org\/{rel}","templated":true}]}}